{"id":2866,"date":"2018-02-02T15:08:49","date_gmt":"2018-02-02T15:08:49","guid":{"rendered":"https:\/\/steinborn-spa.com\/?page_id=2866"},"modified":"2024-01-31T14:43:18","modified_gmt":"2024-01-31T13:43:18","slug":"day-spa","status":"publish","type":"page","link":"https:\/\/steinborn-spa.com\/en\/treatments\/day-spa\/","title":{"rendered":"Day SPA"},"content":{"rendered":"<div class=\"wpb-content-wrapper\"><p>[vc_row css_animation=&#8221;fadeIn&#8221; preset=&#8221;mpc_preset_63&#8243; content_preset=&#8221;_mpc_preset_63&#8243; enable_parallax=&#8221;true&#8221; parallax_background=&#8221;4291&#8243; parallax_style=&#8221;classic-fast&#8221; el_class=&#8221;title-services-responce&#8221;][vc_column css=&#8221;.vc_custom_1450274715817{padding-top: 0px !important;}&#8221;][vc_empty_space height=&#8221;10px&#8221;][vc_column_text css=&#8221;.vc_custom_1706708593786{padding-top: 40px !important;padding-bottom: 40px !important;background-image: url(https:\/\/steinborn-spa.com\/wp-content\/uploads\/2018\/07\/spa.jpg?id=4291) !important;background-position: center !important;background-repeat: no-repeat !important;background-size: cover !important;}&#8221;]<\/p>\n<h1 style=\"line-height: 100%; margin-bottom: 25px; margin-top: 0px;\"><span style=\"color: #ffffff;\"><br \/>\nDAY SPA<br \/>\n<\/span><\/h1>\n<p>[\/vc_column_text][\/vc_column][\/vc_row][vc_row][vc_column][vc_empty_space][vc_row_inner equal_height=&#8221;yes&#8221; content_placement=&#8221;top&#8221;][vc_column_inner width=&#8221;2\/3&#8243;][vc_column_text]<\/p>\n<h3 style=\"text-align: left;\">LUXURY DAY SPA WOMEN<\/h3>\n<p style=\"text-align: left;\">G\u00f6nnen Sie sich eine absolute Entspannung mit unserem Luxury Day Spa \u2013 Programm. Lassen Sie Ihre Belastung, Spannung sowie Arbeits-und Alltagsstress zergehen und tauchen Sie in die Welt des puren Luxus ein! Unser h\u00f6chst qualifiziertes und erfahrenes Team verw\u00f6hnt Sie von Kopf bis Fu\u00df mit exklusiven Luxusprodukten, die nach einer pers\u00f6nlichen Beratung f\u00fcr Sie individuell ausgew\u00e4hlt werden, so dass Sie sich hinterher wie neu geboren f\u00fchlen&#8230;<\/p>\n<p>\u2022 Pers\u00f6nliche Bed\u00fcrfnisberatung<br \/>\n\u2022 Ganzk\u00f6rperpeeling<br \/>\n\u2022 K\u00f6rperpackung<br \/>\n\u2022 Ganzk\u00f6rpermassage mit \u00e4therischen \u00d6len<br \/>\n\u2022 Swiss De Lux Gesichtsbehandlung<br \/>\n\u2022 Edelstein Gesichtsmassage<br \/>\n\u2022 Spa Manik\u00fcre, inclusive Lackieren mit OPI<br \/>\n\u2022 Spa Pedik\u00fcre, inclusive Lackieren mit OPI<br \/>\n\u2022 Saunaticket Begleitet wird der Luxury Day Spa von leckeren Can\u00e1pes und Champagner.<\/p>\n<p>[\/vc_column_text][\/vc_column_inner][vc_column_inner width=&#8221;1\/3&#8243;][vc_column_text]<\/p>\n<h4 style=\"text-align: center;\">360 min \/ \u20ac690<\/h4>\n<p>[\/vc_column_text][vc_btn title=&#8221;BOOK&#8221; style=&#8221;outline-custom&#8221; outline_custom_color=&#8221;#b39a68&#8243; outline_custom_hover_background=&#8221;#b39a68&#8243; outline_custom_hover_text=&#8221;#ffffff&#8221; shape=&#8221;square&#8221; align=&#8221;center&#8221; link=&#8221;url:https%3A%2F%2Fsteinborn-spa.com%2Fen%2Ftreatments%2Fday-spa%2Fluxury-day-spa-women%2F|title:Daily%20make%20up&#8221;][\/vc_column_inner][\/vc_row_inner][vc_row_inner equal_height=&#8221;yes&#8221; content_placement=&#8221;top&#8221;][vc_column_inner width=&#8221;2\/3&#8243;][vc_column_text]<\/p>\n<h3>LUXURY DETOX SPA DAY MEN<\/h3>\n<p>Your way to a new freshness: treat yourself to a pure relaxation in combination with a body detoxication thanks to our Luxury Detox Spa Day program. Let your body get rid of both physical and mental toxins, caused by the everyday stress, pressure at work as well as by the environmental pollution. Our highly qualified and experienced team will spoil you from head to toe with the exclusive luxury products, which will be individually selected according to your needs after a personal consultation with our specialist. Afterwards you will feel brand new..<\/p>\n<p>\u2022 Personal consultation<br \/>\n\u2022 Body peeling<br \/>\n\u2022 Detoxifying body mask<br \/>\n\u2022 Whole body massage with essential oils<br \/>\n\u2022 Swiss De Lux facial treatment<br \/>\n\u2022 Spa manicure<br \/>\n\u2022 Spa pedicure<br \/>\n\u2022 Sauna ticket<\/p>\n<p>This treatment is accompanied by tasty canap\u00e9s and champagne. Approximately 6 hours treatment plus sauna[\/vc_column_text][\/vc_column_inner][vc_column_inner width=&#8221;1\/3&#8243;][vc_column_text]<\/p>\n<h4 style=\"text-align: center;\">360 min \/ \u20ac690<\/h4>\n<p>[\/vc_column_text][vc_btn title=&#8221;BOOK&#8221; style=&#8221;outline-custom&#8221; outline_custom_color=&#8221;#b39a68&#8243; outline_custom_hover_background=&#8221;#b39a68&#8243; outline_custom_hover_text=&#8221;#ffffff&#8221; shape=&#8221;square&#8221; align=&#8221;center&#8221; link=&#8221;url:https%3A%2F%2Fsteinborn-spa.com%2Fen%2Ftreatments%2Fday-spa%2Fluxury-detox-spa-day-men%2F|title:Daily%20make%20up&#8221;][\/vc_column_inner][\/vc_row_inner][vc_row_inner equal_height=&#8221;yes&#8221; content_placement=&#8221;top&#8221;][vc_column_inner width=&#8221;2\/3&#8243;][vc_column_text]<\/p>\n<h3>DREI MOHREN DAY SPA EXPERIENCE THE HISTORY OF AUGSBURG<\/h3>\n<p>Many guests travelled to Augsburg from faraway countries and brought precious items such as salt, fabrics and spices. Let this treatment spoil you from head to toe. Afterwards, you will feel brand new.<\/p>\n<p>\u2022 Body peeling with spices and salt<br \/>\n\u2022 Whole body massage with essential oils<br \/>\n\u2022 Classic facial treatment considering your skin type<br \/>\n\u2022 Manicure with nail polish optional<br \/>\n\u2022 Sauna ticket<\/p>\n<p>Approx. 3,5 hours treatment plus sauna[\/vc_column_text][\/vc_column_inner][vc_column_inner width=&#8221;1\/3&#8243;][vc_column_text]<\/p>\n<h4 style=\"text-align: center;\">210 min \/ \u20ac299<\/h4>\n<p>[\/vc_column_text][vc_btn title=&#8221;BOOK&#8221; style=&#8221;outline-custom&#8221; outline_custom_color=&#8221;#b39a68&#8243; outline_custom_hover_background=&#8221;#b39a68&#8243; outline_custom_hover_text=&#8221;#ffffff&#8221; shape=&#8221;square&#8221; align=&#8221;center&#8221; link=&#8221;url:https%3A%2F%2Fsteinborn-spa.com%2Fen%2Ftreatments%2Fday-spa%2Fdrei-mohren-day-spa-experience-the-history-of-augsburg%2F|title:Daily%20make%20up&#8221;][\/vc_column_inner][\/vc_row_inner][vc_row_inner equal_height=&#8221;yes&#8221; content_placement=&#8221;top&#8221;][vc_column_inner width=&#8221;2\/3&#8243;][vc_column_text]<\/p>\n<h3>PACKAGE 1<\/h3>\n<p>Sauna daily ticket<br \/>\nFacial treatment<br \/>\nHand pack[\/vc_column_text][\/vc_column_inner][vc_column_inner width=&#8221;1\/3&#8243;][vc_column_text]<\/p>\n<h4 style=\"text-align: center;\">60 min \/ \u20ac150<\/h4>\n<p>[\/vc_column_text][vc_btn title=&#8221;BOOK&#8221; style=&#8221;outline-custom&#8221; outline_custom_color=&#8221;#b39a68&#8243; outline_custom_hover_background=&#8221;#b39a68&#8243; outline_custom_hover_text=&#8221;#ffffff&#8221; shape=&#8221;square&#8221; align=&#8221;center&#8221; link=&#8221;url:https%3A%2F%2Fsteinborn-spa.com%2Fen%2Ftreatments%2Fday-spa%2Fpackage-1%2F|title:Daily%20make%20up&#8221;][\/vc_column_inner][\/vc_row_inner][vc_row_inner equal_height=&#8221;yes&#8221; content_placement=&#8221;top&#8221;][vc_column_inner width=&#8221;2\/3&#8243;][vc_column_text]<\/p>\n<h3>PACKAGE 2<\/h3>\n<p>Sauna daily ticket<br \/>\nBody peeling<br \/>\nWhole body massage with essential oils[\/vc_column_text][\/vc_column_inner][vc_column_inner width=&#8221;1\/3&#8243;][vc_column_text]<\/p>\n<h4 style=\"text-align: center;\">60 min \/ \u20ac160<\/h4>\n<p>[\/vc_column_text][vc_btn title=&#8221;BOOK&#8221; style=&#8221;outline-custom&#8221; outline_custom_color=&#8221;#b39a68&#8243; outline_custom_hover_background=&#8221;#b39a68&#8243; outline_custom_hover_text=&#8221;#ffffff&#8221; shape=&#8221;square&#8221; align=&#8221;center&#8221; link=&#8221;url:https%3A%2F%2Fsteinborn-spa.com%2Fen%2Ftreatments%2Fday-spa%2Fpackage-2%2F|title:Daily%20make%20up&#8221;][\/vc_column_inner][\/vc_row_inner][vc_row_inner equal_height=&#8221;yes&#8221; content_placement=&#8221;top&#8221;][vc_column_inner width=&#8221;2\/3&#8243;][vc_column_text]<\/p>\n<h3>PACKAGE 3<\/h3>\n<p>Sauna daily ticket<br \/>\nFoot massage Head<br \/>\nBack and nape massage[\/vc_column_text][\/vc_column_inner][vc_column_inner width=&#8221;1\/3&#8243;][vc_column_text]<\/p>\n<h4 style=\"text-align: center;\">60 min \/ \u20ac150<\/h4>\n<p>[\/vc_column_text][vc_btn title=&#8221;BOOK&#8221; style=&#8221;outline-custom&#8221; outline_custom_color=&#8221;#b39a68&#8243; outline_custom_hover_background=&#8221;#b39a68&#8243; outline_custom_hover_text=&#8221;#ffffff&#8221; shape=&#8221;square&#8221; align=&#8221;center&#8221; link=&#8221;url:https%3A%2F%2Fsteinborn-spa.com%2Fen%2Ftreatments%2Fday-spa%2Fpackage-3%2F|title:Daily%20make%20up&#8221;][\/vc_column_inner][\/vc_row_inner][\/vc_column][\/vc_row][vc_row][vc_column][vc_column_text]<\/p>\n<h2 style=\"text-align: center;\">Make an appointment<\/h2>\n<p>[\/vc_column_text][vc_column_text]<!--\nPlugin Name: Bookly - Responsive WordPress Appointment Booking and Scheduling Plugin\nPlugin URI: https:\/\/www.booking-wp-plugin.com\/?utm_source=bookly_admin&utm_medium=plugins_page&utm_campaign=plugins_page\nVersion: 27.5-->\n<style type=\"text\/css\">\n    :root {\n        --bookly-main-color: #a4916d !important;\n        --bookly-color: #a4916d !important;\n    }\n\n        .bookly-next-step.bookly-js-nextstep.bookly-btn.ladda-button {background-color: #a4916d!important;}\n.bookly-next-step {background-color: #a4916d!important;}\n.bookly-btn {background-color: #a4916d!important;}\n.bookly-next-step bookly-js-next-step.bookly-btn.ladda-button {background-color: #a4916d!important;}    <\/style><div class=\"bookly-css-root\">\n    <div id=\"bookly-form-container-69f72f8489b7a\" class=\"bookly-form\" data-form_id=\"\" aria-live=\"polite\">\n        <div style=\"text-align: center\"><img decoding=\"async\" src=\"https:\/\/steinborn-spa.com\/wp-includes\/js\/tinymce\/skins\/lightgray\/img\/loader.gif\" alt=\"Loading...\"\/><\/div>\n    <\/div>\n<\/div>\n<script type=\"text\/javascript\">\n    (function (win, fn) {\n        var done = false, top = true,\n            doc = win.document,\n            root = doc.documentElement,\n            modern = doc.addEventListener,\n            add = modern ? 'addEventListener' : 'attachEvent',\n            rem = modern ? 'removeEventListener' : 'detachEvent',\n            pre = modern ? '' : 'on',\n            init = function (e) {\n                if (e.type == 'readystatechange') if (doc.readyState != 'complete') return;\n                (e.type == 'load' ? win : doc)[rem](pre + e.type, init, false);\n                if (!done) {\n                    done = true;\n                    fn.call(win, e.type || e);\n                }\n            },\n            poll = function () {\n                try {\n                    root.doScroll('left');\n                } catch (e) {\n                    setTimeout(poll, 50);\n                    return;\n                }\n                init('poll');\n            };\n        if (doc.readyState == 'complete') fn.call(win, 'lazy');\n        else {\n            if (!modern) if (root.doScroll) {\n                try {\n                    top = !win.frameElement;\n                } catch (e) {\n                }\n                if (top) poll();\n            }\n            doc[add](pre + 'DOMContentLoaded', init, false);\n            doc[add](pre + 'readystatechange', init, false);\n            win[add](pre + 'load', init, false);\n        }\n    })(window, function () {\n        window.bookly( {\"form_id\":\"69f72f8489b7a\",\"form_data\":{\"skip_service_step\":0,\"hide_service_part1\":0,\"hide_service_part2\":1,\"defaults\":{\"service_id\":0,\"staff_id\":0,\"location_id\":0,\"category_id\":16,\"units\":0,\"date_from\":0,\"time_from\":0,\"time_to\":0}},\"status\":{\"booking\":\"new\"},\"form_token\":null,\"skip_steps\":{\"service_part1\":0,\"service_part2\":1,\"extras\":1,\"time\":0,\"repeat\":1,\"cart\":1},\"errors\":{\"session_error\":\"Session error.\",\"form_id_error\":\"Form ID error.\",\"cart_item_not_available\":\"The set time is no longer available. Please choose a different time.\",\"pay_locally_not_available\":\"Pay locally is not available.\",\"invalid_gateway\":\"Invalid gateway.\",\"payment_error\":\"Error.\",\"incorrect_username_password\":\"Incorrect username or password.\"},\"form_attributes\":{\"hide_categories\":true,\"hide_services\":false,\"hide_staff_members\":true,\"show_number_of_persons\":false,\"hide_service_duration\":true,\"hide_locations\":true,\"hide_quantity\":true,\"hide_date\":true,\"hide_week_days\":true,\"hide_time_range\":true,\"const_category_id\":16},\"use_client_time_zone\":0,\"defaults\":{\"service_id\":0,\"staff_id\":0,\"location_id\":0,\"category_id\":16},\"datepicker_mode\":\"text-accent\",\"facebook\":{\"enabled\":0,\"appId\":\"\"},\"stripe\":{\"enabled\":1}} );\n    });\n<\/script><\/p>\n<p>&nbsp;<\/p>\n<p>[\/vc_column_text][\/vc_column][\/vc_row][vc_row][vc_column][vc_column_text]<\/p>\n<h3>Other treatments<\/h3>\n<p>[\/vc_column_text][vc_basic_grid post_type=&#8221;page&#8221; max_items=&#8221;24&#8243; element_width=&#8221;3&#8243; gap=&#8221;10&#8243; item=&#8221;6735&#8243; grid_id=&#8221;vc_gid:1706708547143-fff25c99-cbac-3&#8243; taxonomies=&#8221;78&#8243;][\/vc_column][\/vc_row]<\/p>\n<\/div>","protected":false},"excerpt":{"rendered":"<p><span class=\"excerpt-hellip\"> [\u2026]<\/span><\/p>\n","protected":false},"author":2,"featured_media":6677,"parent":2653,"menu_order":10,"comment_status":"closed","ping_status":"closed","template":"","meta":{"_acf_changed":false,"footnotes":""},"categories":[412,78],"tags":[],"class_list":["post-2866","page","type-page","status-publish","has-post-thumbnail","hentry","category-behandlungen-en","category-treatments"],"acf":[],"yoast_head":"<!-- This site is optimized with the Yoast SEO plugin v27.5 - https:\/\/yoast.com\/product\/yoast-seo-wordpress\/ -->\n<title>Day SPA - STEINBORN SPA Augsburg<\/title>\n<meta name=\"robots\" content=\"index, follow, max-snippet:-1, max-image-preview:large, max-video-preview:-1\" \/>\n<link rel=\"canonical\" href=\"https:\/\/steinborn-spa.com\/en\/treatments\/day-spa\/\" \/>\n<meta property=\"og:locale\" content=\"en_US\" \/>\n<meta property=\"og:type\" content=\"article\" \/>\n<meta property=\"og:title\" content=\"Day SPA - STEINBORN SPA Augsburg\" \/>\n<meta property=\"og:description\" content=\"[\u2026]\" \/>\n<meta property=\"og:url\" content=\"https:\/\/steinborn-spa.com\/en\/treatments\/day-spa\/\" \/>\n<meta property=\"og:site_name\" content=\"STEINBORN SPA Augsburg\" \/>\n<meta property=\"article:publisher\" content=\"https:\/\/www.facebook.com\/steinbornspa\" \/>\n<meta property=\"article:modified_time\" content=\"2024-01-31T13:43:18+00:00\" \/>\n<meta property=\"og:image\" content=\"https:\/\/steinborn-spa.com\/wp-content\/uploads\/2018\/07\/11.png\" \/>\n\t<meta property=\"og:image:width\" content=\"200\" \/>\n\t<meta property=\"og:image:height\" content=\"149\" \/>\n\t<meta property=\"og:image:type\" content=\"image\/png\" \/>\n<meta name=\"twitter:card\" content=\"summary_large_image\" \/>\n<meta name=\"twitter:label1\" content=\"Est. reading time\" \/>\n\t<meta name=\"twitter:data1\" content=\"3 minutes\" \/>\n<script type=\"application\/ld+json\" class=\"yoast-schema-graph\">{\"@context\":\"https:\\\/\\\/schema.org\",\"@graph\":[{\"@type\":\"WebPage\",\"@id\":\"https:\\\/\\\/steinborn-spa.com\\\/en\\\/treatments\\\/day-spa\\\/\",\"url\":\"https:\\\/\\\/steinborn-spa.com\\\/en\\\/treatments\\\/day-spa\\\/\",\"name\":\"Day SPA - STEINBORN SPA Augsburg\",\"isPartOf\":{\"@id\":\"https:\\\/\\\/steinborn-spa.com\\\/en\\\/#website\"},\"primaryImageOfPage\":{\"@id\":\"https:\\\/\\\/steinborn-spa.com\\\/en\\\/treatments\\\/day-spa\\\/#primaryimage\"},\"image\":{\"@id\":\"https:\\\/\\\/steinborn-spa.com\\\/en\\\/treatments\\\/day-spa\\\/#primaryimage\"},\"thumbnailUrl\":\"https:\\\/\\\/steinborn-spa.com\\\/wp-content\\\/uploads\\\/2018\\\/07\\\/11.png\",\"datePublished\":\"2018-02-02T15:08:49+00:00\",\"dateModified\":\"2024-01-31T13:43:18+00:00\",\"breadcrumb\":{\"@id\":\"https:\\\/\\\/steinborn-spa.com\\\/en\\\/treatments\\\/day-spa\\\/#breadcrumb\"},\"inLanguage\":\"en-US\",\"potentialAction\":[{\"@type\":\"ReadAction\",\"target\":[\"https:\\\/\\\/steinborn-spa.com\\\/en\\\/treatments\\\/day-spa\\\/\"]}]},{\"@type\":\"ImageObject\",\"inLanguage\":\"en-US\",\"@id\":\"https:\\\/\\\/steinborn-spa.com\\\/en\\\/treatments\\\/day-spa\\\/#primaryimage\",\"url\":\"https:\\\/\\\/steinborn-spa.com\\\/wp-content\\\/uploads\\\/2018\\\/07\\\/11.png\",\"contentUrl\":\"https:\\\/\\\/steinborn-spa.com\\\/wp-content\\\/uploads\\\/2018\\\/07\\\/11.png\",\"width\":200,\"height\":149},{\"@type\":\"BreadcrumbList\",\"@id\":\"https:\\\/\\\/steinborn-spa.com\\\/en\\\/treatments\\\/day-spa\\\/#breadcrumb\",\"itemListElement\":[{\"@type\":\"ListItem\",\"position\":1,\"name\":\"Startseite\",\"item\":\"https:\\\/\\\/steinborn-spa.com\\\/en\\\/home\\\/\"},{\"@type\":\"ListItem\",\"position\":2,\"name\":\"Treatments\",\"item\":\"https:\\\/\\\/steinborn-spa.com\\\/en\\\/treatments\\\/\"},{\"@type\":\"ListItem\",\"position\":3,\"name\":\"Day SPA\"}]},{\"@type\":\"WebSite\",\"@id\":\"https:\\\/\\\/steinborn-spa.com\\\/en\\\/#website\",\"url\":\"https:\\\/\\\/steinborn-spa.com\\\/en\\\/\",\"name\":\"https:\\\/\\\/www.steinborn-spa.com\\\/\",\"description\":\"\",\"publisher\":{\"@id\":\"https:\\\/\\\/steinborn-spa.com\\\/en\\\/#organization\"},\"potentialAction\":[{\"@type\":\"SearchAction\",\"target\":{\"@type\":\"EntryPoint\",\"urlTemplate\":\"https:\\\/\\\/steinborn-spa.com\\\/en\\\/?s={search_term_string}\"},\"query-input\":{\"@type\":\"PropertyValueSpecification\",\"valueRequired\":true,\"valueName\":\"search_term_string\"}}],\"inLanguage\":\"en-US\"},{\"@type\":\"Organization\",\"@id\":\"https:\\\/\\\/steinborn-spa.com\\\/en\\\/#organization\",\"name\":\"https:\\\/\\\/www.steinborn-spa.com\\\/\",\"url\":\"https:\\\/\\\/steinborn-spa.com\\\/en\\\/\",\"logo\":{\"@type\":\"ImageObject\",\"inLanguage\":\"en-US\",\"@id\":\"https:\\\/\\\/steinborn-spa.com\\\/en\\\/#\\\/schema\\\/logo\\\/image\\\/\",\"url\":\"https:\\\/\\\/steinborn-spa.com\\\/wp-content\\\/uploads\\\/2018\\\/06\\\/steinborn-spa-logo-b.png\",\"contentUrl\":\"https:\\\/\\\/steinborn-spa.com\\\/wp-content\\\/uploads\\\/2018\\\/06\\\/steinborn-spa-logo-b.png\",\"width\":474,\"height\":250,\"caption\":\"https:\\\/\\\/www.steinborn-spa.com\\\/\"},\"image\":{\"@id\":\"https:\\\/\\\/steinborn-spa.com\\\/en\\\/#\\\/schema\\\/logo\\\/image\\\/\"},\"sameAs\":[\"https:\\\/\\\/www.facebook.com\\\/steinbornspa\",\"https:\\\/\\\/www.instagram.com\\\/steinborn_spa\"]}]}<\/script>\n<!-- \/ Yoast SEO plugin. -->","yoast_head_json":{"title":"Day SPA - STEINBORN SPA Augsburg","robots":{"index":"index","follow":"follow","max-snippet":"max-snippet:-1","max-image-preview":"max-image-preview:large","max-video-preview":"max-video-preview:-1"},"canonical":"https:\/\/steinborn-spa.com\/en\/treatments\/day-spa\/","og_locale":"en_US","og_type":"article","og_title":"Day SPA - STEINBORN SPA Augsburg","og_description":"[\u2026]","og_url":"https:\/\/steinborn-spa.com\/en\/treatments\/day-spa\/","og_site_name":"STEINBORN SPA Augsburg","article_publisher":"https:\/\/www.facebook.com\/steinbornspa","article_modified_time":"2024-01-31T13:43:18+00:00","og_image":[{"width":200,"height":149,"url":"https:\/\/steinborn-spa.com\/wp-content\/uploads\/2018\/07\/11.png","type":"image\/png"}],"twitter_card":"summary_large_image","twitter_misc":{"Est. reading time":"3 minutes"},"schema":{"@context":"https:\/\/schema.org","@graph":[{"@type":"WebPage","@id":"https:\/\/steinborn-spa.com\/en\/treatments\/day-spa\/","url":"https:\/\/steinborn-spa.com\/en\/treatments\/day-spa\/","name":"Day SPA - STEINBORN SPA Augsburg","isPartOf":{"@id":"https:\/\/steinborn-spa.com\/en\/#website"},"primaryImageOfPage":{"@id":"https:\/\/steinborn-spa.com\/en\/treatments\/day-spa\/#primaryimage"},"image":{"@id":"https:\/\/steinborn-spa.com\/en\/treatments\/day-spa\/#primaryimage"},"thumbnailUrl":"https:\/\/steinborn-spa.com\/wp-content\/uploads\/2018\/07\/11.png","datePublished":"2018-02-02T15:08:49+00:00","dateModified":"2024-01-31T13:43:18+00:00","breadcrumb":{"@id":"https:\/\/steinborn-spa.com\/en\/treatments\/day-spa\/#breadcrumb"},"inLanguage":"en-US","potentialAction":[{"@type":"ReadAction","target":["https:\/\/steinborn-spa.com\/en\/treatments\/day-spa\/"]}]},{"@type":"ImageObject","inLanguage":"en-US","@id":"https:\/\/steinborn-spa.com\/en\/treatments\/day-spa\/#primaryimage","url":"https:\/\/steinborn-spa.com\/wp-content\/uploads\/2018\/07\/11.png","contentUrl":"https:\/\/steinborn-spa.com\/wp-content\/uploads\/2018\/07\/11.png","width":200,"height":149},{"@type":"BreadcrumbList","@id":"https:\/\/steinborn-spa.com\/en\/treatments\/day-spa\/#breadcrumb","itemListElement":[{"@type":"ListItem","position":1,"name":"Startseite","item":"https:\/\/steinborn-spa.com\/en\/home\/"},{"@type":"ListItem","position":2,"name":"Treatments","item":"https:\/\/steinborn-spa.com\/en\/treatments\/"},{"@type":"ListItem","position":3,"name":"Day SPA"}]},{"@type":"WebSite","@id":"https:\/\/steinborn-spa.com\/en\/#website","url":"https:\/\/steinborn-spa.com\/en\/","name":"https:\/\/www.steinborn-spa.com\/","description":"","publisher":{"@id":"https:\/\/steinborn-spa.com\/en\/#organization"},"potentialAction":[{"@type":"SearchAction","target":{"@type":"EntryPoint","urlTemplate":"https:\/\/steinborn-spa.com\/en\/?s={search_term_string}"},"query-input":{"@type":"PropertyValueSpecification","valueRequired":true,"valueName":"search_term_string"}}],"inLanguage":"en-US"},{"@type":"Organization","@id":"https:\/\/steinborn-spa.com\/en\/#organization","name":"https:\/\/www.steinborn-spa.com\/","url":"https:\/\/steinborn-spa.com\/en\/","logo":{"@type":"ImageObject","inLanguage":"en-US","@id":"https:\/\/steinborn-spa.com\/en\/#\/schema\/logo\/image\/","url":"https:\/\/steinborn-spa.com\/wp-content\/uploads\/2018\/06\/steinborn-spa-logo-b.png","contentUrl":"https:\/\/steinborn-spa.com\/wp-content\/uploads\/2018\/06\/steinborn-spa-logo-b.png","width":474,"height":250,"caption":"https:\/\/www.steinborn-spa.com\/"},"image":{"@id":"https:\/\/steinborn-spa.com\/en\/#\/schema\/logo\/image\/"},"sameAs":["https:\/\/www.facebook.com\/steinbornspa","https:\/\/www.instagram.com\/steinborn_spa"]}]}},"_links":{"self":[{"href":"https:\/\/steinborn-spa.com\/en\/wp-json\/wp\/v2\/pages\/2866","targetHints":{"allow":["GET"]}}],"collection":[{"href":"https:\/\/steinborn-spa.com\/en\/wp-json\/wp\/v2\/pages"}],"about":[{"href":"https:\/\/steinborn-spa.com\/en\/wp-json\/wp\/v2\/types\/page"}],"author":[{"embeddable":true,"href":"https:\/\/steinborn-spa.com\/en\/wp-json\/wp\/v2\/users\/2"}],"replies":[{"embeddable":true,"href":"https:\/\/steinborn-spa.com\/en\/wp-json\/wp\/v2\/comments?post=2866"}],"version-history":[{"count":0,"href":"https:\/\/steinborn-spa.com\/en\/wp-json\/wp\/v2\/pages\/2866\/revisions"}],"up":[{"embeddable":true,"href":"https:\/\/steinborn-spa.com\/en\/wp-json\/wp\/v2\/pages\/2653"}],"wp:featuredmedia":[{"embeddable":true,"href":"https:\/\/steinborn-spa.com\/en\/wp-json\/wp\/v2\/media\/6677"}],"wp:attachment":[{"href":"https:\/\/steinborn-spa.com\/en\/wp-json\/wp\/v2\/media?parent=2866"}],"wp:term":[{"taxonomy":"category","embeddable":true,"href":"https:\/\/steinborn-spa.com\/en\/wp-json\/wp\/v2\/categories?post=2866"},{"taxonomy":"post_tag","embeddable":true,"href":"https:\/\/steinborn-spa.com\/en\/wp-json\/wp\/v2\/tags?post=2866"}],"curies":[{"name":"wp","href":"https:\/\/api.w.org\/{rel}","templated":true}]}}