{"id":8419,"date":"2021-02-04T09:13:43","date_gmt":"2021-02-04T08:13:43","guid":{"rendered":"https:\/\/steinborn-spa.com\/product\/onguent-de-jeunesse-peaux-seches\/"},"modified":"2021-02-04T09:13:47","modified_gmt":"2021-02-04T08:13:47","slug":"onguent-de-jeunesse-peaux-seches","status":"publish","type":"product","link":"https:\/\/steinborn-spa.com\/en\/product\/onguent-de-jeunesse-peaux-seches\/","title":{"rendered":"ONGUENT DE JEUNESSE\u00ae PEAUX S\u00c8CHES"},"content":{"rendered":"<p>The moisturizing cream with a rich texture has an intensive moisturizing effect through the combination of lotus blossom, sesame oil and organic ginseng and prevents wrinkles from drying out. The protective acid layer in the cream prevents tension and pulling on dry skin. Ideal for normal to dry skin.<\/p>\n","protected":false},"excerpt":{"rendered":"<p><span style=\"font-weight: 400;\">50 ml<\/span><\/p>\n<p><span style=\"font-weight: 400;\">Die Feuchtigkeitscreme mit reichhaltiger Textur wirkt durch die Kombination aus Lotusbl\u00fcte, Sesam\u00f6l und Bio-Ginseng intensiv feuchtigkeitsspendend und beugt Austrocknungsfalten vor. Der S\u00e4ureschutzmantel in der Creme verhindert Spannung und Ziehen bei trockener Haut. Ideal geeignet f\u00fcr normale bis trockene Haut.<\/span><\/p>\n","protected":false},"featured_media":0,"comment_status":"closed","ping_status":"closed","template":"","meta":{"_acf_changed":false},"product_brand":[],"product_cat":[352],"product_tag":[359,354,358],"giftcard-category":[],"class_list":{"0":"post-8419","1":"product","2":"type-product","3":"status-publish","5":"product_cat-face-cm","6":"product_tag-cream-cinq-moon-cm","7":"product_tag-face","8":"product_tag-onguent-de-jeunesse-peaux-seches-en","10":"first","11":"outofstock","12":"shipping-taxable","13":"purchasable","14":"product-type-simple"},"acf":[],"yoast_head":"<!-- This site is optimized with the Yoast SEO plugin v27.5 - https:\/\/yoast.com\/product\/yoast-seo-wordpress\/ -->\n<title>ONGUENT DE JEUNESSE\u00ae PEAUX S\u00c8CHES - STEINBORN SPA Augsburg<\/title>\n<meta name=\"description\" content=\"The moisturizing cream with a rich texture has an intensive moisturizing effect through the combination of lotus blossom, sesame oil and organic ginseng and prevents wrinkles from drying out. The protective acid layer in the cream prevents tension and pulling on dry skin. Ideal for normal to dry skin.\" \/>\n<meta name=\"robots\" content=\"index, follow, max-snippet:-1, max-image-preview:large, max-video-preview:-1\" \/>\n<link rel=\"canonical\" href=\"https:\/\/steinborn-spa.com\/en\/product\/onguent-de-jeunesse-peaux-seches\/\" \/>\n<meta property=\"og:locale\" content=\"en_US\" \/>\n<meta property=\"og:type\" content=\"article\" \/>\n<meta property=\"og:title\" content=\"ONGUENT DE JEUNESSE\u00ae PEAUX S\u00c8CHES - STEINBORN SPA Augsburg\" \/>\n<meta property=\"og:description\" content=\"The moisturizing cream with a rich texture has an intensive moisturizing effect through the combination of lotus blossom, sesame oil and organic ginseng and prevents wrinkles from drying out. The protective acid layer in the cream prevents tension and pulling on dry skin. Ideal for normal to dry skin.\" \/>\n<meta property=\"og:url\" content=\"https:\/\/steinborn-spa.com\/en\/product\/onguent-de-jeunesse-peaux-seches\/\" \/>\n<meta property=\"og:site_name\" content=\"STEINBORN SPA Augsburg\" \/>\n<meta property=\"article:publisher\" content=\"https:\/\/www.facebook.com\/steinbornspa\" \/>\n<meta property=\"article:modified_time\" content=\"2021-02-04T08:13:47+00:00\" \/>\n<meta name=\"twitter:card\" content=\"summary_large_image\" \/>\n<script type=\"application\/ld+json\" class=\"yoast-schema-graph\">{\"@context\":\"https:\\\/\\\/schema.org\",\"@graph\":[{\"@type\":\"WebPage\",\"@id\":\"https:\\\/\\\/steinborn-spa.com\\\/en\\\/product\\\/onguent-de-jeunesse-peaux-seches\\\/\",\"url\":\"https:\\\/\\\/steinborn-spa.com\\\/en\\\/product\\\/onguent-de-jeunesse-peaux-seches\\\/\",\"name\":\"ONGUENT DE JEUNESSE\u00ae PEAUX S\u00c8CHES - STEINBORN SPA Augsburg\",\"isPartOf\":{\"@id\":\"https:\\\/\\\/steinborn-spa.com\\\/en\\\/#website\"},\"datePublished\":\"2021-02-04T08:13:43+00:00\",\"dateModified\":\"2021-02-04T08:13:47+00:00\",\"description\":\"The moisturizing cream with a rich texture has an intensive moisturizing effect through the combination of lotus blossom, sesame oil and organic ginseng and prevents wrinkles from drying out. The protective acid layer in the cream prevents tension and pulling on dry skin. Ideal for normal to dry skin.\",\"breadcrumb\":{\"@id\":\"https:\\\/\\\/steinborn-spa.com\\\/en\\\/product\\\/onguent-de-jeunesse-peaux-seches\\\/#breadcrumb\"},\"inLanguage\":\"en-US\",\"potentialAction\":[{\"@type\":\"ReadAction\",\"target\":[\"https:\\\/\\\/steinborn-spa.com\\\/en\\\/product\\\/onguent-de-jeunesse-peaux-seches\\\/\"]}]},{\"@type\":\"BreadcrumbList\",\"@id\":\"https:\\\/\\\/steinborn-spa.com\\\/en\\\/product\\\/onguent-de-jeunesse-peaux-seches\\\/#breadcrumb\",\"itemListElement\":[{\"@type\":\"ListItem\",\"position\":1,\"name\":\"Startseite\",\"item\":\"https:\\\/\\\/steinborn-spa.com\\\/en\\\/home\\\/\"},{\"@type\":\"ListItem\",\"position\":2,\"name\":\"Onlineshop\",\"item\":\"https:\\\/\\\/steinborn-spa.com\\\/online-shop\\\/\"},{\"@type\":\"ListItem\",\"position\":3,\"name\":\"ONGUENT DE JEUNESSE\u00ae PEAUX S\u00c8CHES\"}]},{\"@type\":\"WebSite\",\"@id\":\"https:\\\/\\\/steinborn-spa.com\\\/en\\\/#website\",\"url\":\"https:\\\/\\\/steinborn-spa.com\\\/en\\\/\",\"name\":\"https:\\\/\\\/www.steinborn-spa.com\\\/\",\"description\":\"\",\"publisher\":{\"@id\":\"https:\\\/\\\/steinborn-spa.com\\\/en\\\/#organization\"},\"potentialAction\":[{\"@type\":\"SearchAction\",\"target\":{\"@type\":\"EntryPoint\",\"urlTemplate\":\"https:\\\/\\\/steinborn-spa.com\\\/en\\\/?s={search_term_string}\"},\"query-input\":{\"@type\":\"PropertyValueSpecification\",\"valueRequired\":true,\"valueName\":\"search_term_string\"}}],\"inLanguage\":\"en-US\"},{\"@type\":\"Organization\",\"@id\":\"https:\\\/\\\/steinborn-spa.com\\\/en\\\/#organization\",\"name\":\"https:\\\/\\\/www.steinborn-spa.com\\\/\",\"url\":\"https:\\\/\\\/steinborn-spa.com\\\/en\\\/\",\"logo\":{\"@type\":\"ImageObject\",\"inLanguage\":\"en-US\",\"@id\":\"https:\\\/\\\/steinborn-spa.com\\\/en\\\/#\\\/schema\\\/logo\\\/image\\\/\",\"url\":\"https:\\\/\\\/steinborn-spa.com\\\/wp-content\\\/uploads\\\/2018\\\/06\\\/steinborn-spa-logo-b.png\",\"contentUrl\":\"https:\\\/\\\/steinborn-spa.com\\\/wp-content\\\/uploads\\\/2018\\\/06\\\/steinborn-spa-logo-b.png\",\"width\":474,\"height\":250,\"caption\":\"https:\\\/\\\/www.steinborn-spa.com\\\/\"},\"image\":{\"@id\":\"https:\\\/\\\/steinborn-spa.com\\\/en\\\/#\\\/schema\\\/logo\\\/image\\\/\"},\"sameAs\":[\"https:\\\/\\\/www.facebook.com\\\/steinbornspa\",\"https:\\\/\\\/www.instagram.com\\\/steinborn_spa\"]}]}<\/script>\n<!-- \/ Yoast SEO plugin. -->","yoast_head_json":{"title":"ONGUENT DE JEUNESSE\u00ae PEAUX S\u00c8CHES - STEINBORN SPA Augsburg","description":"The moisturizing cream with a rich texture has an intensive moisturizing effect through the combination of lotus blossom, sesame oil and organic ginseng and prevents wrinkles from drying out. The protective acid layer in the cream prevents tension and pulling on dry skin. Ideal for normal to dry skin.","robots":{"index":"index","follow":"follow","max-snippet":"max-snippet:-1","max-image-preview":"max-image-preview:large","max-video-preview":"max-video-preview:-1"},"canonical":"https:\/\/steinborn-spa.com\/en\/product\/onguent-de-jeunesse-peaux-seches\/","og_locale":"en_US","og_type":"article","og_title":"ONGUENT DE JEUNESSE\u00ae PEAUX S\u00c8CHES - STEINBORN SPA Augsburg","og_description":"The moisturizing cream with a rich texture has an intensive moisturizing effect through the combination of lotus blossom, sesame oil and organic ginseng and prevents wrinkles from drying out. The protective acid layer in the cream prevents tension and pulling on dry skin. Ideal for normal to dry skin.","og_url":"https:\/\/steinborn-spa.com\/en\/product\/onguent-de-jeunesse-peaux-seches\/","og_site_name":"STEINBORN SPA Augsburg","article_publisher":"https:\/\/www.facebook.com\/steinbornspa","article_modified_time":"2021-02-04T08:13:47+00:00","twitter_card":"summary_large_image","schema":{"@context":"https:\/\/schema.org","@graph":[{"@type":"WebPage","@id":"https:\/\/steinborn-spa.com\/en\/product\/onguent-de-jeunesse-peaux-seches\/","url":"https:\/\/steinborn-spa.com\/en\/product\/onguent-de-jeunesse-peaux-seches\/","name":"ONGUENT DE JEUNESSE\u00ae PEAUX S\u00c8CHES - STEINBORN SPA Augsburg","isPartOf":{"@id":"https:\/\/steinborn-spa.com\/en\/#website"},"datePublished":"2021-02-04T08:13:43+00:00","dateModified":"2021-02-04T08:13:47+00:00","description":"The moisturizing cream with a rich texture has an intensive moisturizing effect through the combination of lotus blossom, sesame oil and organic ginseng and prevents wrinkles from drying out. The protective acid layer in the cream prevents tension and pulling on dry skin. Ideal for normal to dry skin.","breadcrumb":{"@id":"https:\/\/steinborn-spa.com\/en\/product\/onguent-de-jeunesse-peaux-seches\/#breadcrumb"},"inLanguage":"en-US","potentialAction":[{"@type":"ReadAction","target":["https:\/\/steinborn-spa.com\/en\/product\/onguent-de-jeunesse-peaux-seches\/"]}]},{"@type":"BreadcrumbList","@id":"https:\/\/steinborn-spa.com\/en\/product\/onguent-de-jeunesse-peaux-seches\/#breadcrumb","itemListElement":[{"@type":"ListItem","position":1,"name":"Startseite","item":"https:\/\/steinborn-spa.com\/en\/home\/"},{"@type":"ListItem","position":2,"name":"Onlineshop","item":"https:\/\/steinborn-spa.com\/online-shop\/"},{"@type":"ListItem","position":3,"name":"ONGUENT DE JEUNESSE\u00ae PEAUX S\u00c8CHES"}]},{"@type":"WebSite","@id":"https:\/\/steinborn-spa.com\/en\/#website","url":"https:\/\/steinborn-spa.com\/en\/","name":"https:\/\/www.steinborn-spa.com\/","description":"","publisher":{"@id":"https:\/\/steinborn-spa.com\/en\/#organization"},"potentialAction":[{"@type":"SearchAction","target":{"@type":"EntryPoint","urlTemplate":"https:\/\/steinborn-spa.com\/en\/?s={search_term_string}"},"query-input":{"@type":"PropertyValueSpecification","valueRequired":true,"valueName":"search_term_string"}}],"inLanguage":"en-US"},{"@type":"Organization","@id":"https:\/\/steinborn-spa.com\/en\/#organization","name":"https:\/\/www.steinborn-spa.com\/","url":"https:\/\/steinborn-spa.com\/en\/","logo":{"@type":"ImageObject","inLanguage":"en-US","@id":"https:\/\/steinborn-spa.com\/en\/#\/schema\/logo\/image\/","url":"https:\/\/steinborn-spa.com\/wp-content\/uploads\/2018\/06\/steinborn-spa-logo-b.png","contentUrl":"https:\/\/steinborn-spa.com\/wp-content\/uploads\/2018\/06\/steinborn-spa-logo-b.png","width":474,"height":250,"caption":"https:\/\/www.steinborn-spa.com\/"},"image":{"@id":"https:\/\/steinborn-spa.com\/en\/#\/schema\/logo\/image\/"},"sameAs":["https:\/\/www.facebook.com\/steinbornspa","https:\/\/www.instagram.com\/steinborn_spa"]}]}},"_links":{"self":[{"href":"https:\/\/steinborn-spa.com\/en\/wp-json\/wp\/v2\/product\/8419","targetHints":{"allow":["GET"]}}],"collection":[{"href":"https:\/\/steinborn-spa.com\/en\/wp-json\/wp\/v2\/product"}],"about":[{"href":"https:\/\/steinborn-spa.com\/en\/wp-json\/wp\/v2\/types\/product"}],"replies":[{"embeddable":true,"href":"https:\/\/steinborn-spa.com\/en\/wp-json\/wp\/v2\/comments?post=8419"}],"wp:attachment":[{"href":"https:\/\/steinborn-spa.com\/en\/wp-json\/wp\/v2\/media?parent=8419"}],"wp:term":[{"taxonomy":"product_brand","embeddable":true,"href":"https:\/\/steinborn-spa.com\/en\/wp-json\/wp\/v2\/product_brand?post=8419"},{"taxonomy":"product_cat","embeddable":true,"href":"https:\/\/steinborn-spa.com\/en\/wp-json\/wp\/v2\/product_cat?post=8419"},{"taxonomy":"product_tag","embeddable":true,"href":"https:\/\/steinborn-spa.com\/en\/wp-json\/wp\/v2\/product_tag?post=8419"},{"taxonomy":"giftcard-category","embeddable":true,"href":"https:\/\/steinborn-spa.com\/en\/wp-json\/wp\/v2\/giftcard-category?post=8419"}],"curies":[{"name":"wp","href":"https:\/\/api.w.org\/{rel}","templated":true}]}}