{"id":8421,"date":"2021-02-04T09:20:13","date_gmt":"2021-02-04T08:20:13","guid":{"rendered":"https:\/\/steinborn-spa.com\/product\/serum-lumiere-sublime\/"},"modified":"2021-10-04T08:25:12","modified_gmt":"2021-10-04T06:25:12","slug":"serum-lumiere-sublime","status":"publish","type":"product","link":"https:\/\/steinborn-spa.com\/en\/product\/serum-lumiere-sublime\/","title":{"rendered":"S\u00c9RUM LUMI\u00c8RE SUBLIME\u00ae"},"content":{"rendered":"<p>The efficient serum with the combination of magnolia and liquorice combats pigment spots and prevents their formation. It also protects against UV rays and thus counteracts premature skin aging. Thanks to the vitamin cocktail of vitamins B, C, E and P, the skin shines flawlessly and the complexion appears more even.<\/p>\n","protected":false},"excerpt":{"rendered":"<p><span style=\"font-weight: 400;\">30 ml<\/span><\/p>\n<p><span style=\"font-weight: 400;\">Das effiziente Serum mit der Kombination aus Magnolie und S\u00fc\u00dfholz bek\u00e4mpft Pigmentflecken und beugt ihrer Entstehung vor. Ebenso sch\u00fctzt es vor UV-Strahlen und wirkt so der fr\u00fchzeitigen Hautalterung entgegen. Durch den Vitamincocktail von Vitamin B, C, E und P strahlt die Haut makellos und der Teint wirkt gleichm\u00e4\u00dfiger.<\/span><\/p>\n","protected":false},"featured_media":8993,"comment_status":"open","ping_status":"closed","template":"","meta":{"_acf_changed":false},"product_brand":[],"product_cat":[352],"product_tag":[354,363,364],"giftcard-category":[],"class_list":{"0":"post-8421","1":"product","2":"type-product","3":"status-publish","4":"has-post-thumbnail","6":"product_cat-face-cm","7":"product_tag-face","8":"product_tag-serum-en","9":"product_tag-serum-lumiere-sublime-en","11":"first","12":"outofstock","13":"shipping-taxable","14":"purchasable","15":"product-type-simple"},"acf":[],"yoast_head":"<!-- This site is optimized with the Yoast SEO plugin v27.3 - https:\/\/yoast.com\/product\/yoast-seo-wordpress\/ -->\n<title>S\u00c9RUM LUMI\u00c8RE SUBLIME\u00ae - STEINBORN SPA Augsburg<\/title>\n<meta name=\"description\" content=\"The efficient serum with the combination of magnolia and liquorice combats pigment spots and prevents their formation. It also protects against UV rays and thus counteracts premature skin aging. Thanks to the vitamin cocktail of vitamins B, C, E and P, the skin shines flawlessly and the complexion appears more even.\" \/>\n<meta name=\"robots\" content=\"index, follow, max-snippet:-1, max-image-preview:large, max-video-preview:-1\" \/>\n<link rel=\"canonical\" href=\"https:\/\/steinborn-spa.com\/en\/product\/serum-lumiere-sublime\/\" \/>\n<meta property=\"og:locale\" content=\"en_US\" \/>\n<meta property=\"og:type\" content=\"article\" \/>\n<meta property=\"og:title\" content=\"S\u00c9RUM LUMI\u00c8RE SUBLIME\u00ae - STEINBORN SPA Augsburg\" \/>\n<meta property=\"og:description\" content=\"The efficient serum with the combination of magnolia and liquorice combats pigment spots and prevents their formation. It also protects against UV rays and thus counteracts premature skin aging. Thanks to the vitamin cocktail of vitamins B, C, E and P, the skin shines flawlessly and the complexion appears more even.\" \/>\n<meta property=\"og:url\" content=\"https:\/\/steinborn-spa.com\/en\/product\/serum-lumiere-sublime\/\" \/>\n<meta property=\"og:site_name\" content=\"STEINBORN SPA Augsburg\" \/>\n<meta property=\"article:publisher\" content=\"https:\/\/www.facebook.com\/steinbornspa\" \/>\n<meta property=\"article:modified_time\" content=\"2021-10-04T06:25:12+00:00\" \/>\n<meta name=\"twitter:card\" content=\"summary_large_image\" \/>\n<script type=\"application\/ld+json\" class=\"yoast-schema-graph\">{\"@context\":\"https:\\\/\\\/schema.org\",\"@graph\":[{\"@type\":\"WebPage\",\"@id\":\"https:\\\/\\\/steinborn-spa.com\\\/en\\\/product\\\/serum-lumiere-sublime\\\/\",\"url\":\"https:\\\/\\\/steinborn-spa.com\\\/en\\\/product\\\/serum-lumiere-sublime\\\/\",\"name\":\"S\u00c9RUM LUMI\u00c8RE SUBLIME\u00ae - STEINBORN SPA Augsburg\",\"isPartOf\":{\"@id\":\"https:\\\/\\\/steinborn-spa.com\\\/en\\\/#website\"},\"primaryImageOfPage\":{\"@id\":\"https:\\\/\\\/steinborn-spa.com\\\/en\\\/product\\\/serum-lumiere-sublime\\\/#primaryimage\"},\"image\":{\"@id\":\"https:\\\/\\\/steinborn-spa.com\\\/en\\\/product\\\/serum-lumiere-sublime\\\/#primaryimage\"},\"thumbnailUrl\":\"https:\\\/\\\/steinborn-spa.com\\\/wp-content\\\/uploads\\\/CM-Bild-34-serum-lumiere-sublime.jpg\",\"datePublished\":\"2021-02-04T08:20:13+00:00\",\"dateModified\":\"2021-10-04T06:25:12+00:00\",\"description\":\"The efficient serum with the combination of magnolia and liquorice combats pigment spots and prevents their formation. It also protects against UV rays and thus counteracts premature skin aging. Thanks to the vitamin cocktail of vitamins B, C, E and P, the skin shines flawlessly and the complexion appears more even.\",\"breadcrumb\":{\"@id\":\"https:\\\/\\\/steinborn-spa.com\\\/en\\\/product\\\/serum-lumiere-sublime\\\/#breadcrumb\"},\"inLanguage\":\"en-US\",\"potentialAction\":[{\"@type\":\"ReadAction\",\"target\":[\"https:\\\/\\\/steinborn-spa.com\\\/en\\\/product\\\/serum-lumiere-sublime\\\/\"]}]},{\"@type\":\"ImageObject\",\"inLanguage\":\"en-US\",\"@id\":\"https:\\\/\\\/steinborn-spa.com\\\/en\\\/product\\\/serum-lumiere-sublime\\\/#primaryimage\",\"url\":\"https:\\\/\\\/steinborn-spa.com\\\/wp-content\\\/uploads\\\/CM-Bild-34-serum-lumiere-sublime.jpg\",\"contentUrl\":\"https:\\\/\\\/steinborn-spa.com\\\/wp-content\\\/uploads\\\/CM-Bild-34-serum-lumiere-sublime.jpg\",\"width\":700,\"height\":700},{\"@type\":\"BreadcrumbList\",\"@id\":\"https:\\\/\\\/steinborn-spa.com\\\/en\\\/product\\\/serum-lumiere-sublime\\\/#breadcrumb\",\"itemListElement\":[{\"@type\":\"ListItem\",\"position\":1,\"name\":\"Startseite\",\"item\":\"https:\\\/\\\/steinborn-spa.com\\\/en\\\/home\\\/\"},{\"@type\":\"ListItem\",\"position\":2,\"name\":\"Onlineshop\",\"item\":\"https:\\\/\\\/steinborn-spa.com\\\/online-shop\\\/\"},{\"@type\":\"ListItem\",\"position\":3,\"name\":\"S\u00c9RUM LUMI\u00c8RE SUBLIME\u00ae\"}]},{\"@type\":\"WebSite\",\"@id\":\"https:\\\/\\\/steinborn-spa.com\\\/en\\\/#website\",\"url\":\"https:\\\/\\\/steinborn-spa.com\\\/en\\\/\",\"name\":\"https:\\\/\\\/www.steinborn-spa.com\\\/\",\"description\":\"\",\"publisher\":{\"@id\":\"https:\\\/\\\/steinborn-spa.com\\\/en\\\/#organization\"},\"potentialAction\":[{\"@type\":\"SearchAction\",\"target\":{\"@type\":\"EntryPoint\",\"urlTemplate\":\"https:\\\/\\\/steinborn-spa.com\\\/en\\\/?s={search_term_string}\"},\"query-input\":{\"@type\":\"PropertyValueSpecification\",\"valueRequired\":true,\"valueName\":\"search_term_string\"}}],\"inLanguage\":\"en-US\"},{\"@type\":\"Organization\",\"@id\":\"https:\\\/\\\/steinborn-spa.com\\\/en\\\/#organization\",\"name\":\"https:\\\/\\\/www.steinborn-spa.com\\\/\",\"url\":\"https:\\\/\\\/steinborn-spa.com\\\/en\\\/\",\"logo\":{\"@type\":\"ImageObject\",\"inLanguage\":\"en-US\",\"@id\":\"https:\\\/\\\/steinborn-spa.com\\\/en\\\/#\\\/schema\\\/logo\\\/image\\\/\",\"url\":\"https:\\\/\\\/steinborn-spa.com\\\/wp-content\\\/uploads\\\/2018\\\/06\\\/steinborn-spa-logo-b.png\",\"contentUrl\":\"https:\\\/\\\/steinborn-spa.com\\\/wp-content\\\/uploads\\\/2018\\\/06\\\/steinborn-spa-logo-b.png\",\"width\":474,\"height\":250,\"caption\":\"https:\\\/\\\/www.steinborn-spa.com\\\/\"},\"image\":{\"@id\":\"https:\\\/\\\/steinborn-spa.com\\\/en\\\/#\\\/schema\\\/logo\\\/image\\\/\"},\"sameAs\":[\"https:\\\/\\\/www.facebook.com\\\/steinbornspa\",\"https:\\\/\\\/www.instagram.com\\\/steinborn_spa\"]}]}<\/script>\n<!-- \/ Yoast SEO plugin. -->","yoast_head_json":{"title":"S\u00c9RUM LUMI\u00c8RE SUBLIME\u00ae - STEINBORN SPA Augsburg","description":"The efficient serum with the combination of magnolia and liquorice combats pigment spots and prevents their formation. It also protects against UV rays and thus counteracts premature skin aging. Thanks to the vitamin cocktail of vitamins B, C, E and P, the skin shines flawlessly and the complexion appears more even.","robots":{"index":"index","follow":"follow","max-snippet":"max-snippet:-1","max-image-preview":"max-image-preview:large","max-video-preview":"max-video-preview:-1"},"canonical":"https:\/\/steinborn-spa.com\/en\/product\/serum-lumiere-sublime\/","og_locale":"en_US","og_type":"article","og_title":"S\u00c9RUM LUMI\u00c8RE SUBLIME\u00ae - STEINBORN SPA Augsburg","og_description":"The efficient serum with the combination of magnolia and liquorice combats pigment spots and prevents their formation. It also protects against UV rays and thus counteracts premature skin aging. Thanks to the vitamin cocktail of vitamins B, C, E and P, the skin shines flawlessly and the complexion appears more even.","og_url":"https:\/\/steinborn-spa.com\/en\/product\/serum-lumiere-sublime\/","og_site_name":"STEINBORN SPA Augsburg","article_publisher":"https:\/\/www.facebook.com\/steinbornspa","article_modified_time":"2021-10-04T06:25:12+00:00","twitter_card":"summary_large_image","schema":{"@context":"https:\/\/schema.org","@graph":[{"@type":"WebPage","@id":"https:\/\/steinborn-spa.com\/en\/product\/serum-lumiere-sublime\/","url":"https:\/\/steinborn-spa.com\/en\/product\/serum-lumiere-sublime\/","name":"S\u00c9RUM LUMI\u00c8RE SUBLIME\u00ae - STEINBORN SPA Augsburg","isPartOf":{"@id":"https:\/\/steinborn-spa.com\/en\/#website"},"primaryImageOfPage":{"@id":"https:\/\/steinborn-spa.com\/en\/product\/serum-lumiere-sublime\/#primaryimage"},"image":{"@id":"https:\/\/steinborn-spa.com\/en\/product\/serum-lumiere-sublime\/#primaryimage"},"thumbnailUrl":"https:\/\/steinborn-spa.com\/wp-content\/uploads\/CM-Bild-34-serum-lumiere-sublime.jpg","datePublished":"2021-02-04T08:20:13+00:00","dateModified":"2021-10-04T06:25:12+00:00","description":"The efficient serum with the combination of magnolia and liquorice combats pigment spots and prevents their formation. It also protects against UV rays and thus counteracts premature skin aging. Thanks to the vitamin cocktail of vitamins B, C, E and P, the skin shines flawlessly and the complexion appears more even.","breadcrumb":{"@id":"https:\/\/steinborn-spa.com\/en\/product\/serum-lumiere-sublime\/#breadcrumb"},"inLanguage":"en-US","potentialAction":[{"@type":"ReadAction","target":["https:\/\/steinborn-spa.com\/en\/product\/serum-lumiere-sublime\/"]}]},{"@type":"ImageObject","inLanguage":"en-US","@id":"https:\/\/steinborn-spa.com\/en\/product\/serum-lumiere-sublime\/#primaryimage","url":"https:\/\/steinborn-spa.com\/wp-content\/uploads\/CM-Bild-34-serum-lumiere-sublime.jpg","contentUrl":"https:\/\/steinborn-spa.com\/wp-content\/uploads\/CM-Bild-34-serum-lumiere-sublime.jpg","width":700,"height":700},{"@type":"BreadcrumbList","@id":"https:\/\/steinborn-spa.com\/en\/product\/serum-lumiere-sublime\/#breadcrumb","itemListElement":[{"@type":"ListItem","position":1,"name":"Startseite","item":"https:\/\/steinborn-spa.com\/en\/home\/"},{"@type":"ListItem","position":2,"name":"Onlineshop","item":"https:\/\/steinborn-spa.com\/online-shop\/"},{"@type":"ListItem","position":3,"name":"S\u00c9RUM LUMI\u00c8RE SUBLIME\u00ae"}]},{"@type":"WebSite","@id":"https:\/\/steinborn-spa.com\/en\/#website","url":"https:\/\/steinborn-spa.com\/en\/","name":"https:\/\/www.steinborn-spa.com\/","description":"","publisher":{"@id":"https:\/\/steinborn-spa.com\/en\/#organization"},"potentialAction":[{"@type":"SearchAction","target":{"@type":"EntryPoint","urlTemplate":"https:\/\/steinborn-spa.com\/en\/?s={search_term_string}"},"query-input":{"@type":"PropertyValueSpecification","valueRequired":true,"valueName":"search_term_string"}}],"inLanguage":"en-US"},{"@type":"Organization","@id":"https:\/\/steinborn-spa.com\/en\/#organization","name":"https:\/\/www.steinborn-spa.com\/","url":"https:\/\/steinborn-spa.com\/en\/","logo":{"@type":"ImageObject","inLanguage":"en-US","@id":"https:\/\/steinborn-spa.com\/en\/#\/schema\/logo\/image\/","url":"https:\/\/steinborn-spa.com\/wp-content\/uploads\/2018\/06\/steinborn-spa-logo-b.png","contentUrl":"https:\/\/steinborn-spa.com\/wp-content\/uploads\/2018\/06\/steinborn-spa-logo-b.png","width":474,"height":250,"caption":"https:\/\/www.steinborn-spa.com\/"},"image":{"@id":"https:\/\/steinborn-spa.com\/en\/#\/schema\/logo\/image\/"},"sameAs":["https:\/\/www.facebook.com\/steinbornspa","https:\/\/www.instagram.com\/steinborn_spa"]}]}},"_links":{"self":[{"href":"https:\/\/steinborn-spa.com\/en\/wp-json\/wp\/v2\/product\/8421","targetHints":{"allow":["GET"]}}],"collection":[{"href":"https:\/\/steinborn-spa.com\/en\/wp-json\/wp\/v2\/product"}],"about":[{"href":"https:\/\/steinborn-spa.com\/en\/wp-json\/wp\/v2\/types\/product"}],"replies":[{"embeddable":true,"href":"https:\/\/steinborn-spa.com\/en\/wp-json\/wp\/v2\/comments?post=8421"}],"wp:featuredmedia":[{"embeddable":true,"href":"https:\/\/steinborn-spa.com\/en\/wp-json\/wp\/v2\/media\/8993"}],"wp:attachment":[{"href":"https:\/\/steinborn-spa.com\/en\/wp-json\/wp\/v2\/media?parent=8421"}],"wp:term":[{"taxonomy":"product_brand","embeddable":true,"href":"https:\/\/steinborn-spa.com\/en\/wp-json\/wp\/v2\/product_brand?post=8421"},{"taxonomy":"product_cat","embeddable":true,"href":"https:\/\/steinborn-spa.com\/en\/wp-json\/wp\/v2\/product_cat?post=8421"},{"taxonomy":"product_tag","embeddable":true,"href":"https:\/\/steinborn-spa.com\/en\/wp-json\/wp\/v2\/product_tag?post=8421"},{"taxonomy":"giftcard-category","embeddable":true,"href":"https:\/\/steinborn-spa.com\/en\/wp-json\/wp\/v2\/giftcard-category?post=8421"}],"curies":[{"name":"wp","href":"https:\/\/api.w.org\/{rel}","templated":true}]}}