{"id":8429,"date":"2021-02-04T10:09:59","date_gmt":"2021-02-04T09:09:59","guid":{"rendered":"https:\/\/steinborn-spa.com\/product\/creme-de-shampooing-reparatrice-aux-plantes-ayurvediques\/"},"modified":"2021-02-04T10:09:59","modified_gmt":"2021-02-04T09:09:59","slug":"creme-de-shampooing-reparatrice-aux-plantes-ayurvediques","status":"publish","type":"product","link":"https:\/\/steinborn-spa.com\/en\/product\/creme-de-shampooing-reparatrice-aux-plantes-ayurvediques\/","title":{"rendered":"CR\u00c8ME DE SHAMPOOING R\u00c9PARATRICE AUX PLANTES AYURV\u00c9DIQUES"},"content":{"rendered":"<p>The cleansing care cream shampoo is ideal for dry and damaged hair. The combination of amaranth oil and amla nourishes your hair intensively and makes it shine again. Without parabens, silicone and sulfate.<\/p>\n","protected":false},"excerpt":{"rendered":"<p><span style=\"font-weight: 400;\">200ml<\/span><\/p>\n<p><span style=\"font-weight: 400;\">Das reinigende Pflegecreme-Shampoo ist ideal f\u00fcr trockenes und strapaziertes Haar. Die Kombination aus Amaranth\u00f6l und Amla n\u00e4hrt Ihr Haar intensiv und l\u00e4sst es wieder strahlen. Ohne Parabene, Silikon und Sulfat. <\/span><\/p>\n","protected":false},"featured_media":9011,"comment_status":"open","ping_status":"closed","template":"","meta":{"_acf_changed":false},"product_brand":[],"product_cat":[374,365],"product_tag":[378,376],"giftcard-category":[],"class_list":{"0":"post-8429","1":"product","2":"type-product","3":"status-publish","4":"has-post-thumbnail","6":"product_cat-body-cm","7":"product_cat-cinq-mondes","8":"product_tag-creme-de-shampooing-reparatrice-aux-plantes-ayurvediques-en","9":"product_tag-hair","11":"first","12":"outofstock","13":"shipping-taxable","14":"purchasable","15":"product-type-simple"},"acf":[],"yoast_head":"<!-- This site is optimized with the Yoast SEO plugin v27.4 - https:\/\/yoast.com\/product\/yoast-seo-wordpress\/ -->\n<title>CR\u00c8ME DE SHAMPOOING R\u00c9PARATRICE AUX PLANTES AYURV\u00c9DIQUES - STEINBORN SPA Augsburg<\/title>\n<meta name=\"description\" content=\"The cleansing care cream shampoo is ideal for dry and damaged hair. The combination of amaranth oil and amla nourishes your hair intensively and makes it shine again. Without parabens, silicone and sulfate.\" \/>\n<meta name=\"robots\" content=\"index, follow, max-snippet:-1, max-image-preview:large, max-video-preview:-1\" \/>\n<link rel=\"canonical\" href=\"https:\/\/steinborn-spa.com\/en\/product\/creme-de-shampooing-reparatrice-aux-plantes-ayurvediques\/\" \/>\n<meta property=\"og:locale\" content=\"en_US\" \/>\n<meta property=\"og:type\" content=\"article\" \/>\n<meta property=\"og:title\" content=\"CR\u00c8ME DE SHAMPOOING R\u00c9PARATRICE AUX PLANTES AYURV\u00c9DIQUES - STEINBORN SPA Augsburg\" \/>\n<meta property=\"og:description\" content=\"The cleansing care cream shampoo is ideal for dry and damaged hair. The combination of amaranth oil and amla nourishes your hair intensively and makes it shine again. Without parabens, silicone and sulfate.\" \/>\n<meta property=\"og:url\" content=\"https:\/\/steinborn-spa.com\/en\/product\/creme-de-shampooing-reparatrice-aux-plantes-ayurvediques\/\" \/>\n<meta property=\"og:site_name\" content=\"STEINBORN SPA Augsburg\" \/>\n<meta property=\"article:publisher\" content=\"https:\/\/www.facebook.com\/steinbornspa\" \/>\n<meta name=\"twitter:card\" content=\"summary_large_image\" \/>\n<script type=\"application\/ld+json\" class=\"yoast-schema-graph\">{\"@context\":\"https:\\\/\\\/schema.org\",\"@graph\":[{\"@type\":\"WebPage\",\"@id\":\"https:\\\/\\\/steinborn-spa.com\\\/en\\\/product\\\/creme-de-shampooing-reparatrice-aux-plantes-ayurvediques\\\/\",\"url\":\"https:\\\/\\\/steinborn-spa.com\\\/en\\\/product\\\/creme-de-shampooing-reparatrice-aux-plantes-ayurvediques\\\/\",\"name\":\"CR\u00c8ME DE SHAMPOOING R\u00c9PARATRICE AUX PLANTES AYURV\u00c9DIQUES - STEINBORN SPA Augsburg\",\"isPartOf\":{\"@id\":\"https:\\\/\\\/steinborn-spa.com\\\/en\\\/#website\"},\"primaryImageOfPage\":{\"@id\":\"https:\\\/\\\/steinborn-spa.com\\\/en\\\/product\\\/creme-de-shampooing-reparatrice-aux-plantes-ayurvediques\\\/#primaryimage\"},\"image\":{\"@id\":\"https:\\\/\\\/steinborn-spa.com\\\/en\\\/product\\\/creme-de-shampooing-reparatrice-aux-plantes-ayurvediques\\\/#primaryimage\"},\"thumbnailUrl\":\"https:\\\/\\\/steinborn-spa.com\\\/wp-content\\\/uploads\\\/CM-creme-de-shampooing-reparatrice-aux-plantes-ayurvediques.jpg\",\"datePublished\":\"2021-02-04T09:09:59+00:00\",\"description\":\"The cleansing care cream shampoo is ideal for dry and damaged hair. The combination of amaranth oil and amla nourishes your hair intensively and makes it shine again. Without parabens, silicone and sulfate.\",\"breadcrumb\":{\"@id\":\"https:\\\/\\\/steinborn-spa.com\\\/en\\\/product\\\/creme-de-shampooing-reparatrice-aux-plantes-ayurvediques\\\/#breadcrumb\"},\"inLanguage\":\"en-US\",\"potentialAction\":[{\"@type\":\"ReadAction\",\"target\":[\"https:\\\/\\\/steinborn-spa.com\\\/en\\\/product\\\/creme-de-shampooing-reparatrice-aux-plantes-ayurvediques\\\/\"]}]},{\"@type\":\"ImageObject\",\"inLanguage\":\"en-US\",\"@id\":\"https:\\\/\\\/steinborn-spa.com\\\/en\\\/product\\\/creme-de-shampooing-reparatrice-aux-plantes-ayurvediques\\\/#primaryimage\",\"url\":\"https:\\\/\\\/steinborn-spa.com\\\/wp-content\\\/uploads\\\/CM-creme-de-shampooing-reparatrice-aux-plantes-ayurvediques.jpg\",\"contentUrl\":\"https:\\\/\\\/steinborn-spa.com\\\/wp-content\\\/uploads\\\/CM-creme-de-shampooing-reparatrice-aux-plantes-ayurvediques.jpg\",\"width\":700,\"height\":700},{\"@type\":\"BreadcrumbList\",\"@id\":\"https:\\\/\\\/steinborn-spa.com\\\/en\\\/product\\\/creme-de-shampooing-reparatrice-aux-plantes-ayurvediques\\\/#breadcrumb\",\"itemListElement\":[{\"@type\":\"ListItem\",\"position\":1,\"name\":\"Startseite\",\"item\":\"https:\\\/\\\/steinborn-spa.com\\\/en\\\/home\\\/\"},{\"@type\":\"ListItem\",\"position\":2,\"name\":\"Onlineshop\",\"item\":\"https:\\\/\\\/steinborn-spa.com\\\/online-shop\\\/\"},{\"@type\":\"ListItem\",\"position\":3,\"name\":\"CR\u00c8ME DE SHAMPOOING R\u00c9PARATRICE AUX PLANTES AYURV\u00c9DIQUES\"}]},{\"@type\":\"WebSite\",\"@id\":\"https:\\\/\\\/steinborn-spa.com\\\/en\\\/#website\",\"url\":\"https:\\\/\\\/steinborn-spa.com\\\/en\\\/\",\"name\":\"https:\\\/\\\/www.steinborn-spa.com\\\/\",\"description\":\"\",\"publisher\":{\"@id\":\"https:\\\/\\\/steinborn-spa.com\\\/en\\\/#organization\"},\"potentialAction\":[{\"@type\":\"SearchAction\",\"target\":{\"@type\":\"EntryPoint\",\"urlTemplate\":\"https:\\\/\\\/steinborn-spa.com\\\/en\\\/?s={search_term_string}\"},\"query-input\":{\"@type\":\"PropertyValueSpecification\",\"valueRequired\":true,\"valueName\":\"search_term_string\"}}],\"inLanguage\":\"en-US\"},{\"@type\":\"Organization\",\"@id\":\"https:\\\/\\\/steinborn-spa.com\\\/en\\\/#organization\",\"name\":\"https:\\\/\\\/www.steinborn-spa.com\\\/\",\"url\":\"https:\\\/\\\/steinborn-spa.com\\\/en\\\/\",\"logo\":{\"@type\":\"ImageObject\",\"inLanguage\":\"en-US\",\"@id\":\"https:\\\/\\\/steinborn-spa.com\\\/en\\\/#\\\/schema\\\/logo\\\/image\\\/\",\"url\":\"https:\\\/\\\/steinborn-spa.com\\\/wp-content\\\/uploads\\\/2018\\\/06\\\/steinborn-spa-logo-b.png\",\"contentUrl\":\"https:\\\/\\\/steinborn-spa.com\\\/wp-content\\\/uploads\\\/2018\\\/06\\\/steinborn-spa-logo-b.png\",\"width\":474,\"height\":250,\"caption\":\"https:\\\/\\\/www.steinborn-spa.com\\\/\"},\"image\":{\"@id\":\"https:\\\/\\\/steinborn-spa.com\\\/en\\\/#\\\/schema\\\/logo\\\/image\\\/\"},\"sameAs\":[\"https:\\\/\\\/www.facebook.com\\\/steinbornspa\",\"https:\\\/\\\/www.instagram.com\\\/steinborn_spa\"]}]}<\/script>\n<!-- \/ Yoast SEO plugin. -->","yoast_head_json":{"title":"CR\u00c8ME DE SHAMPOOING R\u00c9PARATRICE AUX PLANTES AYURV\u00c9DIQUES - STEINBORN SPA Augsburg","description":"The cleansing care cream shampoo is ideal for dry and damaged hair. The combination of amaranth oil and amla nourishes your hair intensively and makes it shine again. Without parabens, silicone and sulfate.","robots":{"index":"index","follow":"follow","max-snippet":"max-snippet:-1","max-image-preview":"max-image-preview:large","max-video-preview":"max-video-preview:-1"},"canonical":"https:\/\/steinborn-spa.com\/en\/product\/creme-de-shampooing-reparatrice-aux-plantes-ayurvediques\/","og_locale":"en_US","og_type":"article","og_title":"CR\u00c8ME DE SHAMPOOING R\u00c9PARATRICE AUX PLANTES AYURV\u00c9DIQUES - STEINBORN SPA Augsburg","og_description":"The cleansing care cream shampoo is ideal for dry and damaged hair. The combination of amaranth oil and amla nourishes your hair intensively and makes it shine again. Without parabens, silicone and sulfate.","og_url":"https:\/\/steinborn-spa.com\/en\/product\/creme-de-shampooing-reparatrice-aux-plantes-ayurvediques\/","og_site_name":"STEINBORN SPA Augsburg","article_publisher":"https:\/\/www.facebook.com\/steinbornspa","twitter_card":"summary_large_image","schema":{"@context":"https:\/\/schema.org","@graph":[{"@type":"WebPage","@id":"https:\/\/steinborn-spa.com\/en\/product\/creme-de-shampooing-reparatrice-aux-plantes-ayurvediques\/","url":"https:\/\/steinborn-spa.com\/en\/product\/creme-de-shampooing-reparatrice-aux-plantes-ayurvediques\/","name":"CR\u00c8ME DE SHAMPOOING R\u00c9PARATRICE AUX PLANTES AYURV\u00c9DIQUES - STEINBORN SPA Augsburg","isPartOf":{"@id":"https:\/\/steinborn-spa.com\/en\/#website"},"primaryImageOfPage":{"@id":"https:\/\/steinborn-spa.com\/en\/product\/creme-de-shampooing-reparatrice-aux-plantes-ayurvediques\/#primaryimage"},"image":{"@id":"https:\/\/steinborn-spa.com\/en\/product\/creme-de-shampooing-reparatrice-aux-plantes-ayurvediques\/#primaryimage"},"thumbnailUrl":"https:\/\/steinborn-spa.com\/wp-content\/uploads\/CM-creme-de-shampooing-reparatrice-aux-plantes-ayurvediques.jpg","datePublished":"2021-02-04T09:09:59+00:00","description":"The cleansing care cream shampoo is ideal for dry and damaged hair. The combination of amaranth oil and amla nourishes your hair intensively and makes it shine again. Without parabens, silicone and sulfate.","breadcrumb":{"@id":"https:\/\/steinborn-spa.com\/en\/product\/creme-de-shampooing-reparatrice-aux-plantes-ayurvediques\/#breadcrumb"},"inLanguage":"en-US","potentialAction":[{"@type":"ReadAction","target":["https:\/\/steinborn-spa.com\/en\/product\/creme-de-shampooing-reparatrice-aux-plantes-ayurvediques\/"]}]},{"@type":"ImageObject","inLanguage":"en-US","@id":"https:\/\/steinborn-spa.com\/en\/product\/creme-de-shampooing-reparatrice-aux-plantes-ayurvediques\/#primaryimage","url":"https:\/\/steinborn-spa.com\/wp-content\/uploads\/CM-creme-de-shampooing-reparatrice-aux-plantes-ayurvediques.jpg","contentUrl":"https:\/\/steinborn-spa.com\/wp-content\/uploads\/CM-creme-de-shampooing-reparatrice-aux-plantes-ayurvediques.jpg","width":700,"height":700},{"@type":"BreadcrumbList","@id":"https:\/\/steinborn-spa.com\/en\/product\/creme-de-shampooing-reparatrice-aux-plantes-ayurvediques\/#breadcrumb","itemListElement":[{"@type":"ListItem","position":1,"name":"Startseite","item":"https:\/\/steinborn-spa.com\/en\/home\/"},{"@type":"ListItem","position":2,"name":"Onlineshop","item":"https:\/\/steinborn-spa.com\/online-shop\/"},{"@type":"ListItem","position":3,"name":"CR\u00c8ME DE SHAMPOOING R\u00c9PARATRICE AUX PLANTES AYURV\u00c9DIQUES"}]},{"@type":"WebSite","@id":"https:\/\/steinborn-spa.com\/en\/#website","url":"https:\/\/steinborn-spa.com\/en\/","name":"https:\/\/www.steinborn-spa.com\/","description":"","publisher":{"@id":"https:\/\/steinborn-spa.com\/en\/#organization"},"potentialAction":[{"@type":"SearchAction","target":{"@type":"EntryPoint","urlTemplate":"https:\/\/steinborn-spa.com\/en\/?s={search_term_string}"},"query-input":{"@type":"PropertyValueSpecification","valueRequired":true,"valueName":"search_term_string"}}],"inLanguage":"en-US"},{"@type":"Organization","@id":"https:\/\/steinborn-spa.com\/en\/#organization","name":"https:\/\/www.steinborn-spa.com\/","url":"https:\/\/steinborn-spa.com\/en\/","logo":{"@type":"ImageObject","inLanguage":"en-US","@id":"https:\/\/steinborn-spa.com\/en\/#\/schema\/logo\/image\/","url":"https:\/\/steinborn-spa.com\/wp-content\/uploads\/2018\/06\/steinborn-spa-logo-b.png","contentUrl":"https:\/\/steinborn-spa.com\/wp-content\/uploads\/2018\/06\/steinborn-spa-logo-b.png","width":474,"height":250,"caption":"https:\/\/www.steinborn-spa.com\/"},"image":{"@id":"https:\/\/steinborn-spa.com\/en\/#\/schema\/logo\/image\/"},"sameAs":["https:\/\/www.facebook.com\/steinbornspa","https:\/\/www.instagram.com\/steinborn_spa"]}]}},"_links":{"self":[{"href":"https:\/\/steinborn-spa.com\/en\/wp-json\/wp\/v2\/product\/8429","targetHints":{"allow":["GET"]}}],"collection":[{"href":"https:\/\/steinborn-spa.com\/en\/wp-json\/wp\/v2\/product"}],"about":[{"href":"https:\/\/steinborn-spa.com\/en\/wp-json\/wp\/v2\/types\/product"}],"replies":[{"embeddable":true,"href":"https:\/\/steinborn-spa.com\/en\/wp-json\/wp\/v2\/comments?post=8429"}],"wp:featuredmedia":[{"embeddable":true,"href":"https:\/\/steinborn-spa.com\/en\/wp-json\/wp\/v2\/media\/9011"}],"wp:attachment":[{"href":"https:\/\/steinborn-spa.com\/en\/wp-json\/wp\/v2\/media?parent=8429"}],"wp:term":[{"taxonomy":"product_brand","embeddable":true,"href":"https:\/\/steinborn-spa.com\/en\/wp-json\/wp\/v2\/product_brand?post=8429"},{"taxonomy":"product_cat","embeddable":true,"href":"https:\/\/steinborn-spa.com\/en\/wp-json\/wp\/v2\/product_cat?post=8429"},{"taxonomy":"product_tag","embeddable":true,"href":"https:\/\/steinborn-spa.com\/en\/wp-json\/wp\/v2\/product_tag?post=8429"},{"taxonomy":"giftcard-category","embeddable":true,"href":"https:\/\/steinborn-spa.com\/en\/wp-json\/wp\/v2\/giftcard-category?post=8429"}],"curies":[{"name":"wp","href":"https:\/\/api.w.org\/{rel}","templated":true}]}}