{"id":8430,"date":"2021-02-04T10:11:59","date_gmt":"2021-02-04T09:11:59","guid":{"rendered":"https:\/\/steinborn-spa.com\/product\/creme-mains-dange\/"},"modified":"2021-02-04T10:12:04","modified_gmt":"2021-02-04T09:12:04","slug":"creme-mains-dange","status":"publish","type":"product","link":"https:\/\/steinborn-spa.com\/en\/product\/creme-mains-dange\/","title":{"rendered":"CR\u00c8ME MAINS D&#8217;ANGE\u00ae"},"content":{"rendered":"<p>Die Hand- und Nagelcreme fettet nicht und sorgt mit Aloe Vera, Bambus und wei\u00dfer Maulbeere f\u00fcr die N\u00e4hrung der Haut und der Vorbeugung von Pigmentflecken. Das feine Zedern- und Zitrusaroma l\u00e4sst Ihre H\u00e4nde angenehm duften.<\/p>\n","protected":false},"excerpt":{"rendered":"<p><span style=\"font-weight: 400;\">75ml<\/span><\/p>\n<p><span style=\"font-weight: 400;\">Die Hand- und Nagelcreme fettet nicht und sorgt mit Aloe Vera, Bambus und wei\u00dfer Maulbeere f\u00fcr die N\u00e4hrung der Haut und der Vorbeugung von Pigmentflecken. Das feine Zedern- und Zitrusaroma l\u00e4sst Ihre H\u00e4nde angenehm duften.<\/span><\/p>\n","protected":false},"featured_media":8431,"comment_status":"closed","ping_status":"closed","template":"","meta":{"_acf_changed":false},"product_brand":[],"product_cat":[374,365],"product_tag":[381,380],"giftcard-category":[],"class_list":{"0":"post-8430","1":"product","2":"type-product","3":"status-publish","4":"has-post-thumbnail","6":"product_cat-body-cm","7":"product_cat-cinq-mondes","8":"product_tag-creme-mains-dange-en","9":"product_tag-hands","11":"first","12":"outofstock","13":"shipping-taxable","14":"purchasable","15":"product-type-simple"},"acf":[],"yoast_head":"<!-- This site is optimized with the Yoast SEO plugin v27.3 - https:\/\/yoast.com\/product\/yoast-seo-wordpress\/ -->\n<title>CR\u00c8ME MAINS D&#039;ANGE\u00ae - STEINBORN SPA Augsburg<\/title>\n<meta name=\"description\" content=\"The hand and nail cream is non-greasy and with aloe vera, bamboo and white mulberry nourishes the skin and prevents pigment spots. The fine cedar and citrus aroma gives your hands a pleasant scent.\" \/>\n<meta name=\"robots\" content=\"index, follow, max-snippet:-1, max-image-preview:large, max-video-preview:-1\" \/>\n<link rel=\"canonical\" href=\"https:\/\/steinborn-spa.com\/en\/product\/creme-mains-dange\/\" \/>\n<meta property=\"og:locale\" content=\"en_US\" \/>\n<meta property=\"og:type\" content=\"article\" \/>\n<meta property=\"og:title\" content=\"CR\u00c8ME MAINS D&#039;ANGE\u00ae - STEINBORN SPA Augsburg\" \/>\n<meta property=\"og:description\" content=\"The hand and nail cream is non-greasy and with aloe vera, bamboo and white mulberry nourishes the skin and prevents pigment spots. The fine cedar and citrus aroma gives your hands a pleasant scent.\" \/>\n<meta property=\"og:url\" content=\"https:\/\/steinborn-spa.com\/en\/product\/creme-mains-dange\/\" \/>\n<meta property=\"og:site_name\" content=\"STEINBORN SPA Augsburg\" \/>\n<meta property=\"article:publisher\" content=\"https:\/\/www.facebook.com\/steinbornspa\" \/>\n<meta property=\"article:modified_time\" content=\"2021-02-04T09:12:04+00:00\" \/>\n<meta property=\"og:image\" content=\"https:\/\/steinborn-spa.com\/wp-content\/uploads\/CM-Bild-18-creme-mains-dange.jpg\" \/>\n\t<meta property=\"og:image:width\" content=\"700\" \/>\n\t<meta property=\"og:image:height\" content=\"700\" \/>\n\t<meta property=\"og:image:type\" content=\"image\/jpeg\" \/>\n<meta name=\"twitter:card\" content=\"summary_large_image\" \/>\n<script type=\"application\/ld+json\" class=\"yoast-schema-graph\">{\"@context\":\"https:\\\/\\\/schema.org\",\"@graph\":[{\"@type\":\"WebPage\",\"@id\":\"https:\\\/\\\/steinborn-spa.com\\\/en\\\/product\\\/creme-mains-dange\\\/\",\"url\":\"https:\\\/\\\/steinborn-spa.com\\\/en\\\/product\\\/creme-mains-dange\\\/\",\"name\":\"CR\u00c8ME MAINS D'ANGE\u00ae - STEINBORN SPA Augsburg\",\"isPartOf\":{\"@id\":\"https:\\\/\\\/steinborn-spa.com\\\/en\\\/#website\"},\"primaryImageOfPage\":{\"@id\":\"https:\\\/\\\/steinborn-spa.com\\\/en\\\/product\\\/creme-mains-dange\\\/#primaryimage\"},\"image\":{\"@id\":\"https:\\\/\\\/steinborn-spa.com\\\/en\\\/product\\\/creme-mains-dange\\\/#primaryimage\"},\"thumbnailUrl\":\"https:\\\/\\\/steinborn-spa.com\\\/wp-content\\\/uploads\\\/CM-Bild-18-creme-mains-dange.jpg\",\"datePublished\":\"2021-02-04T09:11:59+00:00\",\"dateModified\":\"2021-02-04T09:12:04+00:00\",\"description\":\"The hand and nail cream is non-greasy and with aloe vera, bamboo and white mulberry nourishes the skin and prevents pigment spots. The fine cedar and citrus aroma gives your hands a pleasant scent.\",\"breadcrumb\":{\"@id\":\"https:\\\/\\\/steinborn-spa.com\\\/en\\\/product\\\/creme-mains-dange\\\/#breadcrumb\"},\"inLanguage\":\"en-US\",\"potentialAction\":[{\"@type\":\"ReadAction\",\"target\":[\"https:\\\/\\\/steinborn-spa.com\\\/en\\\/product\\\/creme-mains-dange\\\/\"]}]},{\"@type\":\"ImageObject\",\"inLanguage\":\"en-US\",\"@id\":\"https:\\\/\\\/steinborn-spa.com\\\/en\\\/product\\\/creme-mains-dange\\\/#primaryimage\",\"url\":\"https:\\\/\\\/steinborn-spa.com\\\/wp-content\\\/uploads\\\/CM-Bild-18-creme-mains-dange.jpg\",\"contentUrl\":\"https:\\\/\\\/steinborn-spa.com\\\/wp-content\\\/uploads\\\/CM-Bild-18-creme-mains-dange.jpg\",\"width\":700,\"height\":700},{\"@type\":\"BreadcrumbList\",\"@id\":\"https:\\\/\\\/steinborn-spa.com\\\/en\\\/product\\\/creme-mains-dange\\\/#breadcrumb\",\"itemListElement\":[{\"@type\":\"ListItem\",\"position\":1,\"name\":\"Startseite\",\"item\":\"https:\\\/\\\/steinborn-spa.com\\\/en\\\/home\\\/\"},{\"@type\":\"ListItem\",\"position\":2,\"name\":\"Onlineshop\",\"item\":\"https:\\\/\\\/steinborn-spa.com\\\/online-shop\\\/\"},{\"@type\":\"ListItem\",\"position\":3,\"name\":\"CR\u00c8ME MAINS D&#8217;ANGE\u00ae\"}]},{\"@type\":\"WebSite\",\"@id\":\"https:\\\/\\\/steinborn-spa.com\\\/en\\\/#website\",\"url\":\"https:\\\/\\\/steinborn-spa.com\\\/en\\\/\",\"name\":\"https:\\\/\\\/www.steinborn-spa.com\\\/\",\"description\":\"\",\"publisher\":{\"@id\":\"https:\\\/\\\/steinborn-spa.com\\\/en\\\/#organization\"},\"potentialAction\":[{\"@type\":\"SearchAction\",\"target\":{\"@type\":\"EntryPoint\",\"urlTemplate\":\"https:\\\/\\\/steinborn-spa.com\\\/en\\\/?s={search_term_string}\"},\"query-input\":{\"@type\":\"PropertyValueSpecification\",\"valueRequired\":true,\"valueName\":\"search_term_string\"}}],\"inLanguage\":\"en-US\"},{\"@type\":\"Organization\",\"@id\":\"https:\\\/\\\/steinborn-spa.com\\\/en\\\/#organization\",\"name\":\"https:\\\/\\\/www.steinborn-spa.com\\\/\",\"url\":\"https:\\\/\\\/steinborn-spa.com\\\/en\\\/\",\"logo\":{\"@type\":\"ImageObject\",\"inLanguage\":\"en-US\",\"@id\":\"https:\\\/\\\/steinborn-spa.com\\\/en\\\/#\\\/schema\\\/logo\\\/image\\\/\",\"url\":\"https:\\\/\\\/steinborn-spa.com\\\/wp-content\\\/uploads\\\/2018\\\/06\\\/steinborn-spa-logo-b.png\",\"contentUrl\":\"https:\\\/\\\/steinborn-spa.com\\\/wp-content\\\/uploads\\\/2018\\\/06\\\/steinborn-spa-logo-b.png\",\"width\":474,\"height\":250,\"caption\":\"https:\\\/\\\/www.steinborn-spa.com\\\/\"},\"image\":{\"@id\":\"https:\\\/\\\/steinborn-spa.com\\\/en\\\/#\\\/schema\\\/logo\\\/image\\\/\"},\"sameAs\":[\"https:\\\/\\\/www.facebook.com\\\/steinbornspa\",\"https:\\\/\\\/www.instagram.com\\\/steinborn_spa\"]}]}<\/script>\n<!-- \/ Yoast SEO plugin. -->","yoast_head_json":{"title":"CR\u00c8ME MAINS D'ANGE\u00ae - STEINBORN SPA Augsburg","description":"The hand and nail cream is non-greasy and with aloe vera, bamboo and white mulberry nourishes the skin and prevents pigment spots. The fine cedar and citrus aroma gives your hands a pleasant scent.","robots":{"index":"index","follow":"follow","max-snippet":"max-snippet:-1","max-image-preview":"max-image-preview:large","max-video-preview":"max-video-preview:-1"},"canonical":"https:\/\/steinborn-spa.com\/en\/product\/creme-mains-dange\/","og_locale":"en_US","og_type":"article","og_title":"CR\u00c8ME MAINS D'ANGE\u00ae - STEINBORN SPA Augsburg","og_description":"The hand and nail cream is non-greasy and with aloe vera, bamboo and white mulberry nourishes the skin and prevents pigment spots. The fine cedar and citrus aroma gives your hands a pleasant scent.","og_url":"https:\/\/steinborn-spa.com\/en\/product\/creme-mains-dange\/","og_site_name":"STEINBORN SPA Augsburg","article_publisher":"https:\/\/www.facebook.com\/steinbornspa","article_modified_time":"2021-02-04T09:12:04+00:00","og_image":[{"width":700,"height":700,"url":"https:\/\/steinborn-spa.com\/wp-content\/uploads\/CM-Bild-18-creme-mains-dange.jpg","type":"image\/jpeg"}],"twitter_card":"summary_large_image","schema":{"@context":"https:\/\/schema.org","@graph":[{"@type":"WebPage","@id":"https:\/\/steinborn-spa.com\/en\/product\/creme-mains-dange\/","url":"https:\/\/steinborn-spa.com\/en\/product\/creme-mains-dange\/","name":"CR\u00c8ME MAINS D'ANGE\u00ae - STEINBORN SPA Augsburg","isPartOf":{"@id":"https:\/\/steinborn-spa.com\/en\/#website"},"primaryImageOfPage":{"@id":"https:\/\/steinborn-spa.com\/en\/product\/creme-mains-dange\/#primaryimage"},"image":{"@id":"https:\/\/steinborn-spa.com\/en\/product\/creme-mains-dange\/#primaryimage"},"thumbnailUrl":"https:\/\/steinborn-spa.com\/wp-content\/uploads\/CM-Bild-18-creme-mains-dange.jpg","datePublished":"2021-02-04T09:11:59+00:00","dateModified":"2021-02-04T09:12:04+00:00","description":"The hand and nail cream is non-greasy and with aloe vera, bamboo and white mulberry nourishes the skin and prevents pigment spots. The fine cedar and citrus aroma gives your hands a pleasant scent.","breadcrumb":{"@id":"https:\/\/steinborn-spa.com\/en\/product\/creme-mains-dange\/#breadcrumb"},"inLanguage":"en-US","potentialAction":[{"@type":"ReadAction","target":["https:\/\/steinborn-spa.com\/en\/product\/creme-mains-dange\/"]}]},{"@type":"ImageObject","inLanguage":"en-US","@id":"https:\/\/steinborn-spa.com\/en\/product\/creme-mains-dange\/#primaryimage","url":"https:\/\/steinborn-spa.com\/wp-content\/uploads\/CM-Bild-18-creme-mains-dange.jpg","contentUrl":"https:\/\/steinborn-spa.com\/wp-content\/uploads\/CM-Bild-18-creme-mains-dange.jpg","width":700,"height":700},{"@type":"BreadcrumbList","@id":"https:\/\/steinborn-spa.com\/en\/product\/creme-mains-dange\/#breadcrumb","itemListElement":[{"@type":"ListItem","position":1,"name":"Startseite","item":"https:\/\/steinborn-spa.com\/en\/home\/"},{"@type":"ListItem","position":2,"name":"Onlineshop","item":"https:\/\/steinborn-spa.com\/online-shop\/"},{"@type":"ListItem","position":3,"name":"CR\u00c8ME MAINS D&#8217;ANGE\u00ae"}]},{"@type":"WebSite","@id":"https:\/\/steinborn-spa.com\/en\/#website","url":"https:\/\/steinborn-spa.com\/en\/","name":"https:\/\/www.steinborn-spa.com\/","description":"","publisher":{"@id":"https:\/\/steinborn-spa.com\/en\/#organization"},"potentialAction":[{"@type":"SearchAction","target":{"@type":"EntryPoint","urlTemplate":"https:\/\/steinborn-spa.com\/en\/?s={search_term_string}"},"query-input":{"@type":"PropertyValueSpecification","valueRequired":true,"valueName":"search_term_string"}}],"inLanguage":"en-US"},{"@type":"Organization","@id":"https:\/\/steinborn-spa.com\/en\/#organization","name":"https:\/\/www.steinborn-spa.com\/","url":"https:\/\/steinborn-spa.com\/en\/","logo":{"@type":"ImageObject","inLanguage":"en-US","@id":"https:\/\/steinborn-spa.com\/en\/#\/schema\/logo\/image\/","url":"https:\/\/steinborn-spa.com\/wp-content\/uploads\/2018\/06\/steinborn-spa-logo-b.png","contentUrl":"https:\/\/steinborn-spa.com\/wp-content\/uploads\/2018\/06\/steinborn-spa-logo-b.png","width":474,"height":250,"caption":"https:\/\/www.steinborn-spa.com\/"},"image":{"@id":"https:\/\/steinborn-spa.com\/en\/#\/schema\/logo\/image\/"},"sameAs":["https:\/\/www.facebook.com\/steinbornspa","https:\/\/www.instagram.com\/steinborn_spa"]}]}},"_links":{"self":[{"href":"https:\/\/steinborn-spa.com\/en\/wp-json\/wp\/v2\/product\/8430","targetHints":{"allow":["GET"]}}],"collection":[{"href":"https:\/\/steinborn-spa.com\/en\/wp-json\/wp\/v2\/product"}],"about":[{"href":"https:\/\/steinborn-spa.com\/en\/wp-json\/wp\/v2\/types\/product"}],"replies":[{"embeddable":true,"href":"https:\/\/steinborn-spa.com\/en\/wp-json\/wp\/v2\/comments?post=8430"}],"wp:featuredmedia":[{"embeddable":true,"href":"https:\/\/steinborn-spa.com\/en\/wp-json\/wp\/v2\/media\/8431"}],"wp:attachment":[{"href":"https:\/\/steinborn-spa.com\/en\/wp-json\/wp\/v2\/media?parent=8430"}],"wp:term":[{"taxonomy":"product_brand","embeddable":true,"href":"https:\/\/steinborn-spa.com\/en\/wp-json\/wp\/v2\/product_brand?post=8430"},{"taxonomy":"product_cat","embeddable":true,"href":"https:\/\/steinborn-spa.com\/en\/wp-json\/wp\/v2\/product_cat?post=8430"},{"taxonomy":"product_tag","embeddable":true,"href":"https:\/\/steinborn-spa.com\/en\/wp-json\/wp\/v2\/product_tag?post=8430"},{"taxonomy":"giftcard-category","embeddable":true,"href":"https:\/\/steinborn-spa.com\/en\/wp-json\/wp\/v2\/giftcard-category?post=8430"}],"curies":[{"name":"wp","href":"https:\/\/api.w.org\/{rel}","templated":true}]}}